{"id":890,"date":"2025-04-29T09:49:00","date_gmt":"2025-04-29T09:49:00","guid":{"rendered":"https:\/\/www.careium.com\/se\/?post_type=product&#038;p=890"},"modified":"2025-05-21T08:36:36","modified_gmt":"2025-05-21T08:36:36","slug":"visit-diskret-digital-tillsyn","status":"publish","type":"product","link":"https:\/\/www.careium.com\/se\/trygghetslosningar\/trygghetslarm\/visit-diskret-digital-tillsyn\/","title":{"rendered":"Visit digital tillsyn &#8211; \u00f6ka s\u00e4kerheten och effektiviteten"},"content":{"rendered":"<p>Studier visar att traditionella hemv\u00e5rdsbes\u00f6k \u00f6kar oron och st\u00f6r s\u00f6mnen f\u00f6r de som beh\u00f6ver nattliga kontroller. Visit erbjuder <strong>obem\u00e4rkt digital tillsyn<\/strong> d\u00e4r auktoriserad omsorgspersonal checkar in via en s\u00e4ker kamera (inga inspelningar sparas), vilket garanterar trygghet och s\u00e4kerhet utan att dina n\u00e4rst\u00e5ende beh\u00f6ver k\u00e4nna sig \u00f6vervakade.<\/p>\n<p><strong>Integritet \u00e4r v\u00e5r prioritet<\/strong>. Kameran aktiveras bara vid schemalagda tider eller vid n\u00f6dsituation, och kan endast anv\u00e4ndas av utbildad och auktoriserad personal. Inga bilder eller videos lagras, s\u00e5 att din anh\u00f6riga f\u00e5r ha kvar sin v\u00e4rdighet.<\/p>\n<p>Den minskar ocks\u00e5 on\u00f6diga resekostnader samt milj\u00f6p\u00e5verkan genom att ers\u00e4tta l\u00e5nga bilf\u00e4rder f\u00f6r omv\u00e5rdnadspersonal med mer effektiv v\u00e5rd p\u00e5 distans.<\/p>\n<p>Kameran \u00e4r perfekt f\u00f6r familj och n\u00e4ra och k\u00e4ra som vill ha <strong>en trygg l\u00f6sning utan att inkr\u00e4kta<\/strong> p\u00e5 en n\u00e4rst\u00e5endes personliga integritet, f\u00f6r v\u00e5rdgivare som letar efter ett kostnadseffektivt alternativ till hembes\u00f6k samt f\u00f6r \u00e4ldre eller utsatta personer som v\u00e4rdes\u00e4tter ett diskret och v\u00e4rdigt st\u00f6d i vardagen.<\/p>\n<hr \/>\n","protected":false},"excerpt":{"rendered":"<p>Kameran Visit \u00e4r en digital l\u00f6sning som ser till att dina n\u00e4ra och k\u00e4ra beh\u00e5ller sin integritet samtidigt som de k\u00e4nner sig trygga. Inga st\u00f6rande bes\u00f6k, ingen on\u00f6dig stress &#8211; endast sinnesro f\u00f6r alla. Tillg\u00e4nglig endast n\u00e4r den beh\u00f6vs som mest blir den ett smartare s\u00e4tt att ge v\u00e5rd och st\u00f6d.<\/p>\n","protected":false},"author":4,"featured_media":889,"template":"","meta":{"_acf_changed":false},"product_brand":[],"product_cat":[84],"product_tag":[],"class_list":{"0":"post-890","1":"product","2":"type-product","3":"status-publish","4":"has-post-thumbnail","6":"product_cat-tillbehor-for-personlig-trygghet-och-valbefinnande","8":"first","9":"instock","10":"shipping-taxable","11":"purchasable","12":"product-type-simple"},"acf":[],"_links":{"self":[{"href":"https:\/\/www.careium.com\/se\/wp-json\/wp\/v2\/product\/890","targetHints":{"allow":["GET"]}}],"collection":[{"href":"https:\/\/www.careium.com\/se\/wp-json\/wp\/v2\/product"}],"about":[{"href":"https:\/\/www.careium.com\/se\/wp-json\/wp\/v2\/types\/product"}],"author":[{"embeddable":true,"href":"https:\/\/www.careium.com\/se\/wp-json\/wp\/v2\/users\/4"}],"wp:featuredmedia":[{"embeddable":true,"href":"https:\/\/www.careium.com\/se\/wp-json\/wp\/v2\/media\/889"}],"wp:attachment":[{"href":"https:\/\/www.careium.com\/se\/wp-json\/wp\/v2\/media?parent=890"}],"wp:term":[{"taxonomy":"product_brand","embeddable":true,"href":"https:\/\/www.careium.com\/se\/wp-json\/wp\/v2\/product_brand?post=890"},{"taxonomy":"product_cat","embeddable":true,"href":"https:\/\/www.careium.com\/se\/wp-json\/wp\/v2\/product_cat?post=890"},{"taxonomy":"product_tag","embeddable":true,"href":"https:\/\/www.careium.com\/se\/wp-json\/wp\/v2\/product_tag?post=890"}],"curies":[{"name":"wp","href":"https:\/\/api.w.org\/{rel}","templated":true}]}}