{"id":905,"date":"2025-04-29T11:05:33","date_gmt":"2025-04-29T11:05:33","guid":{"rendered":"https:\/\/www.careium.com\/se\/?post_type=product&#038;p=905"},"modified":"2026-01-30T08:45:00","modified_gmt":"2026-01-30T07:45:00","slug":"ellis-larmknapp-snygg-diskret","status":"publish","type":"product","link":"https:\/\/www.careium.com\/se\/trygghetslosningar\/trygghetslarm\/ellis-larmknapp-snygg-diskret\/","title":{"rendered":"Ellis personlig larmknapp &#8211; snygg, diskret och vattent\u00e4t"},"content":{"rendered":"<p>Traditionella larmknappar ser ofta kliniska och p\u00e5tr\u00e4ngande ut, vilket g\u00f6r att m\u00e5nga drar sig f\u00f6r att anv\u00e4nda dem. Ellis \u00e4r banbrytande med sin eleganta design. <strong>Utformad som en svart \u00e4delsten<\/strong> sm\u00e4lter den in i vardagen och uppmuntrar till konsekvent anv\u00e4ndning.<\/p>\n<p>Den \u00e4r vattent\u00e4t f\u00f6r anv\u00e4ndning i dusch eller badkar och har ett batteri med l\u00e5ng livsl\u00e4ngd. Den genomt\u00e4nkta designen har en magnetisk kedja f\u00f6r s\u00e4kerhet och komfort, \u00e4ven n\u00e4r du sover. Knappen, som \u00e4r diskret placerad p\u00e5 baksidan, \u00e4r enkel att anv\u00e4nda och ger snabb tillg\u00e5ng till hj\u00e4lp.<\/p>\n<p>Det \u00e4r inte bara ett larm, det \u00e4r <strong>f\u00f6rtroende, sj\u00e4lvst\u00e4ndighet och stil<\/strong> &#8211; allt i ett. Oavsett om du \u00e4r hemma eller ute i tr\u00e4dg\u00e5rden h\u00e5ller Ellis dig uppkopplad till <strong>hj\u00e4lp n\u00e4r du beh\u00f6ver den<\/strong>.<\/p>\n","protected":false},"excerpt":{"rendered":"<p>Letar du efter ett alternativ till traditionella larmknappar? S\u00e4g hej till Ellis, den eleganta <strong>larmknappen som liknar ett smycke<\/strong>. Den sm\u00e4lter s\u00f6ml\u00f6st in i vardagen samtidigt som den s\u00e4kerst\u00e4ller att du alltid har hj\u00e4lp n\u00e4ra till hands <strong>med bara ett knapptryck<\/strong>. Utformad f\u00f6r att diskret komplettera din stil, uppmuntrar den anv\u00e4ndare att b\u00e4ra den med sj\u00e4lvf\u00f6rtroende och stolthet.<\/p>\n<p>St\u00f6d och hj\u00e4lp kommer alltid att finnas inom r\u00e4ckh\u00e5ll, d\u00e5 den \u00e4r byggd p\u00e5 samma teknik som v\u00e5r p\u00e5litliga Enzo och kompatibel med alla v\u00e5ra larmsystem.<\/p>\n<p class=\"\" data-start=\"111\" data-end=\"424\">Oavsett om du befinner dig i ditt hem eller i din tr\u00e4dg\u00e5rd, s\u00e5 finns <strong data-start=\"186\" data-end=\"195\">Ellis<\/strong> alltid vid din sida &#8211; redo att koppla dig till larmcentral, hemtj\u00e4nst eller en anh\u00f6rig med en knapptryckning. Det \u00e4r inte bara en s\u00e4kerhet. Det \u00e4r k\u00e4nslan av trygghet och frihet att leva livet p\u00e5 sina egna villkor.<\/p>\n","protected":false},"author":5,"featured_media":5431,"template":"","meta":{"_acf_changed":false},"product_brand":[],"product_cat":[84],"product_tag":[],"class_list":{"0":"post-905","1":"product","2":"type-product","3":"status-publish","4":"has-post-thumbnail","6":"product_cat-tillbehor-for-personlig-trygghet-och-valbefinnande","8":"first","9":"instock","10":"shipping-taxable","11":"purchasable","12":"product-type-simple"},"acf":[],"_links":{"self":[{"href":"https:\/\/www.careium.com\/se\/wp-json\/wp\/v2\/product\/905","targetHints":{"allow":["GET"]}}],"collection":[{"href":"https:\/\/www.careium.com\/se\/wp-json\/wp\/v2\/product"}],"about":[{"href":"https:\/\/www.careium.com\/se\/wp-json\/wp\/v2\/types\/product"}],"author":[{"embeddable":true,"href":"https:\/\/www.careium.com\/se\/wp-json\/wp\/v2\/users\/5"}],"wp:featuredmedia":[{"embeddable":true,"href":"https:\/\/www.careium.com\/se\/wp-json\/wp\/v2\/media\/5431"}],"wp:attachment":[{"href":"https:\/\/www.careium.com\/se\/wp-json\/wp\/v2\/media?parent=905"}],"wp:term":[{"taxonomy":"product_brand","embeddable":true,"href":"https:\/\/www.careium.com\/se\/wp-json\/wp\/v2\/product_brand?post=905"},{"taxonomy":"product_cat","embeddable":true,"href":"https:\/\/www.careium.com\/se\/wp-json\/wp\/v2\/product_cat?post=905"},{"taxonomy":"product_tag","embeddable":true,"href":"https:\/\/www.careium.com\/se\/wp-json\/wp\/v2\/product_tag?post=905"}],"curies":[{"name":"wp","href":"https:\/\/api.w.org\/{rel}","templated":true}]}}