{"id":914,"date":"2025-04-29T12:30:17","date_gmt":"2025-04-29T12:30:17","guid":{"rendered":"https:\/\/www.careium.com\/se\/?post_type=product&#038;p=914"},"modified":"2026-03-27T10:33:46","modified_gmt":"2026-03-27T09:33:46","slug":"amy-gps-klocka-for-frihet","status":"publish","type":"product","link":"https:\/\/www.careium.com\/se\/trygghetslosningar\/trygghetslarm\/amy-gps-klocka-for-frihet\/","title":{"rendered":"Amy &#8211; Personlig GPS-klocka f\u00f6r frihet och s\u00e4kerhet"},"content":{"rendered":"<p><strong>Amy<\/strong> \u00e4r inte bara en klocka &#8211; det \u00e4r en personlig s\u00e4kerhetskompanjon. Utformad f\u00f6r de som v\u00e4rdes\u00e4tter sin sj\u00e4lvst\u00e4ndighet, men samtidigt vill k\u00e4nna tryggheten i att veta att hj\u00e4lp alltid finns inom r\u00e4ckh\u00e5ll. Oavsett om du \u00e4r hemma, ute p\u00e5 promenad eller bes\u00f6ker v\u00e4nner ger Amy tillf\u00f6rlitlig GPS-sp\u00e5rning, enkel kommunikation och omedelbar n\u00f6dhj\u00e4lp med endast en knapptryckning.<\/p>\n<p>V\u00e5r personliga GPS-klocka kombinerar <strong>modern teknik<\/strong> med <strong>vardagligt anv\u00e4ndande<\/strong> och erbjuder trygghet och s\u00e4kerhet utan att offra frihet och sj\u00e4lvst\u00e4ndighet.<\/p>\n<hr \/>\n<h3><strong>K\u00e4nn dig fri att leva livet p\u00e5 ditt s\u00e4tt<\/strong><\/h3>\n<p>Med v\u00e5r klocka p\u00e5 handleden kan du eller din n\u00e4rst\u00e5ende tryggt \u00e4gna er \u00e5t dagliga rutiner, hobbyer och utomhusaktiviteter &#8211; i vetskap om att st\u00f6d finns d\u00e4r om det beh\u00f6vs. Tack vare inbyggd <strong>GPS-positionering<\/strong> \u00e4r det enkelt f\u00f6r omsorgspersonal eller anh\u00f6riga att checka in vid behov och snabbt lokalisera anv\u00e4ndaren i h\u00e4ndelse av en n\u00f6dsituation.<\/p>\n<p>Oavsett om det handlar om ett fall, pl\u00f6tslig sjukdom eller att anv\u00e4ndaren blivit desorienterad, g\u00f6r Amy det enkelt att kalla p\u00e5 hj\u00e4lp med <strong>en enda knapptryckning<\/strong>.<\/p>\n<hr \/>\n<h3><strong>Nyckelfunktioner &#8211; h\u00e5ll kontakten, h\u00e5ll dig s\u00e4ker<\/strong><\/h3>\n<ul>\n<li style=\"list-style-type: none;\">\n<ul>\n<li><strong>GPS-sp\u00e5rning och platsdelning<\/strong><br \/>\nHitta enkelt anv\u00e4ndarens plats och ge snabb hj\u00e4lp n\u00e4r det beh\u00f6vs.<\/li>\n<li><strong>Larmknapp f\u00f6r omedelbar hj\u00e4lp<\/strong><br \/>\nEn l\u00e4ttryckt knapp som vid n\u00f6dsituation direkt kopplar upp till larmcentral, omsorgspersonal eller anh\u00f6riga.<\/li>\n<li><strong>B\u00e5de in- och utg\u00e5ende r\u00f6stkommunikation<\/strong><br \/>\nTala och lyssna direkt genom klockan &#8211; inget behov av en separat telefon eller h\u00f6gtalare.<\/li>\n<li><strong>Bekv\u00e4m och snygg design<\/strong><br \/>\nL\u00e4tt och diskret, utformad f\u00f6r daglig anv\u00e4ndning med ett modernt utseende som passar alla stilar.<\/li>\n<li><strong>Trygg hemma och s\u00e4ker p\u00e5 spr\u00e5ng<\/strong><br \/>\nFungerar b\u00e5de inomhus och utomhus och erbjuder tillf\u00f6rlitlig t\u00e4ckning varhelst livet tar dig.<\/li>\n<li><strong>Sinnesfrid f\u00f6r familj och v\u00e4nner<\/strong><br \/>\nAnh\u00f6riga kan k\u00e4nna sig trygga med vetskapen om att de enkelt kan n\u00e5 och lokalisera sina n\u00e4ra och k\u00e4ra n\u00e4r det beh\u00f6vs.<\/li>\n<\/ul>\n<\/li>\n<\/ul>\n<hr \/>\n<h3><strong>Vem \u00e4r den till f\u00f6r<\/strong><\/h3>\n<p>Den personliga GPS-larmklockan \u00e4r idealisk f\u00f6r:<\/p>\n<ul>\n<li>Seniorer som tycker om att vara aktiva och sj\u00e4lvst\u00e4ndiga<\/li>\n<li>\u00c4ldre personer som bor ensamma och vill ha extra s\u00e4kerhet utan att tumma p\u00e5 friheten<\/li>\n<li>Individer med alzheimers eller annan demenssjukdom som kan beh\u00f6va f\u00f6rbest\u00e4mda vistelsezoner<\/li>\n<li>Familjer som s\u00f6ker ett p\u00e5litligt s\u00e4tt att h\u00e5lla kontakten och s\u00e4kerst\u00e4lla en n\u00e4ra anh\u00f6rigs v\u00e4lbefinnande<\/li>\n<\/ul>\n<hr \/>\n<h3><strong>Varf\u00f6r v\u00e4lja Amy<\/strong><\/h3>\n<p>Till skillnad fr\u00e5n m\u00e5nga personliga trygghetslarm eller skrymmande GPS-trackers \u00e4r den h\u00e4r klockan utformad f\u00f6r att vara <strong>bekv\u00e4m, smidig och diskret<\/strong>. Den ser inte ut som ett mobilt trygghetslarm &#8211; den blir som en del av din vardag.<\/p>\n<p>Det enkla gr\u00e4nssnittet g\u00f6r den l\u00e4tt f\u00f6r \u00e4ldre personer att anv\u00e4nda utan att skapa f\u00f6rvirring, medan den avancerade tekniken bakom kulisserna s\u00e4kerst\u00e4ller p\u00e5litlig prestanda. Oavsett om det handlar om sinnesro i vardagen eller som en del av en bredare v\u00e5rdplan, erbjuder Amy ett <strong>smartare och s\u00e4krare s\u00e4tt att f\u00f6rbli sj\u00e4lvst\u00e4ndig och oberoende<\/strong>.<\/p>\n<p>Amy \u00e4r kompatibel med v\u00e5r app<strong> i-care\u00ae plus<\/strong>, som g\u00f6r det m\u00f6jligt f\u00f6r familj och v\u00e4nner att vara mer involverade i omv\u00e5rdnaden av sina n\u00e4ra och k\u00e4ra. Med appen kan du hantera larmsamtal, se var klockan befinner sig p\u00e5 en karta och prata med anv\u00e4ndaren, s\u00e5 att det blir enkelt att h\u00e5lla kontakten.<\/p>\n<hr \/>\n<h3><strong>F\u00f6r att s\u00e4kerhet aldrig ska komma i v\u00e4gen f\u00f6r livet<\/strong><\/h3>\n<p>V\u00e4lj Amy f\u00f6r dig sj\u00e4lv eller f\u00f6r n\u00e5gon du bryr dig om &#8211; och njut av friheten att forts\u00e4tta g\u00f6ra de saker du \u00e4lskar, kombinerat med tryggheten att hj\u00e4lp alltid \u00e4r n\u00e4ra till hands.<\/p>\n<hr \/>\n","protected":false},"excerpt":{"rendered":"<p>F\u00f6rest\u00e4ll dig en klocka som g\u00f6r mer \u00e4n att bara visa tiden &#8211; den \u00e4r din personliga s\u00e4kerhetsl\u00e4nk. Amy ser till att hj\u00e4lp alltid bara \u00e4r en knapptryckning bort, oavsett om du \u00e4r hemma, ute p\u00e5 promenad eller bes\u00f6ker n\u00e4ra och k\u00e4ra. Klockan \u00e4r utformad f\u00f6r de som v\u00e4rdes\u00e4tter oberoende utan kompromisser. Amy kombinerar diskret stil, avancerade s\u00e4kerhetsfunktioner och omedelbar n\u00f6dhj\u00e4lp, s\u00e5 att du kan leva livet precis som du sj\u00e4lv vill.<\/p>\n","protected":false},"author":5,"featured_media":5768,"template":"","meta":{"_acf_changed":false},"product_brand":[],"product_cat":[85],"product_tag":[],"class_list":{"0":"post-914","1":"product","2":"type-product","3":"status-publish","4":"has-post-thumbnail","6":"product_cat-mobila-trygghetslarm-och-gps-larm","8":"first","9":"instock","10":"shipping-taxable","11":"purchasable","12":"product-type-simple"},"acf":[],"_links":{"self":[{"href":"https:\/\/www.careium.com\/se\/wp-json\/wp\/v2\/product\/914","targetHints":{"allow":["GET"]}}],"collection":[{"href":"https:\/\/www.careium.com\/se\/wp-json\/wp\/v2\/product"}],"about":[{"href":"https:\/\/www.careium.com\/se\/wp-json\/wp\/v2\/types\/product"}],"author":[{"embeddable":true,"href":"https:\/\/www.careium.com\/se\/wp-json\/wp\/v2\/users\/5"}],"wp:featuredmedia":[{"embeddable":true,"href":"https:\/\/www.careium.com\/se\/wp-json\/wp\/v2\/media\/5768"}],"wp:attachment":[{"href":"https:\/\/www.careium.com\/se\/wp-json\/wp\/v2\/media?parent=914"}],"wp:term":[{"taxonomy":"product_brand","embeddable":true,"href":"https:\/\/www.careium.com\/se\/wp-json\/wp\/v2\/product_brand?post=914"},{"taxonomy":"product_cat","embeddable":true,"href":"https:\/\/www.careium.com\/se\/wp-json\/wp\/v2\/product_cat?post=914"},{"taxonomy":"product_tag","embeddable":true,"href":"https:\/\/www.careium.com\/se\/wp-json\/wp\/v2\/product_tag?post=914"}],"curies":[{"name":"wp","href":"https:\/\/api.w.org\/{rel}","templated":true}]}}