{"id":918,"date":"2025-05-07T10:48:02","date_gmt":"2025-05-07T10:48:02","guid":{"rendered":"https:\/\/www.careium.com\/se\/?post_type=product&#038;p=918"},"modified":"2026-03-06T12:18:42","modified_gmt":"2026-03-06T11:18:42","slug":"eliza-s-enkelt-palitligt-system","status":"publish","type":"product","link":"https:\/\/www.careium.com\/se\/trygghetslosningar\/trygghetslarm\/eliza-s-enkelt-palitligt-system\/","title":{"rendered":"Eliza S &#8211; Enkelt och p\u00e5litligt skydd n\u00e4r det \u00e4r som viktigast"},"content":{"rendered":"<h3><strong>Snabb hj\u00e4lp n\u00e4r det \u00e4r som viktigast<\/strong><\/h3>\n<p>Om en n\u00e4rst\u00e5ende ramlar, m\u00e5r d\u00e5ligt eller beh\u00f6ver akut hj\u00e4lp kopplar Eliza S omedelbart upp dem till assistans med bara en <strong>knapp<\/strong><strong>tryckning<\/strong>. Inga komplicerade steg, bara tillf\u00f6rlitligt skydd n\u00e4ra till hands.<\/p>\n<p>Perfekt f\u00f6r \u00e4ldre, utsatta personer, personer med funktionsvariationer eller familjer som vill ha snabb och p\u00e5litlig sinnesro. Oavsett om det handlar om en olycka eller ett pl\u00f6tsligt h\u00e4lsoproblem finns hj\u00e4lp alltid inom r\u00e4ckh\u00e5ll.<\/p>\n<p>Eliza S kommer med en av v\u00e5ra larmknappar &#8211; <a href=\"https:\/\/www.careium.com\/se\/trygghetslosningar\/trygghetslarm\/enzo-larmknapp-forbli-oberoende\/\">Enzo<\/a> eller <a href=\"https:\/\/www.careium.com\/se\/trygghetslosningar\/trygghetslarm\/ellis-larmknapp-snygg-diskret\/\">Ellis<\/a> &#8211; som bekv\u00e4mt kan b\u00e4ras runt halsen eller runt handleden. V\u00e5ra larmknappar \u00e4r kompakta, h\u00e5llbara och vattent\u00e4ta (IP67) och kan s\u00e4kert b\u00e4ras i duschen eller badet, vilket betyder att hj\u00e4lp alltid finns inom r\u00e4ckh\u00e5ll.<\/p>\n<p>Det h\u00e4r trygghetssystemet ger dig och din familj sinnesro, eftersom ni vet att ni alltid \u00e4r omh\u00e4ndertagna tack vare den senaste tekniken.<\/p>\n","protected":false},"excerpt":{"rendered":"<p>Eliza S \u00e4r den eleganta, slimmade versionen av v\u00e5rt p\u00e5litliga trygghetslarmssystem Eliza. Denna moderna enhet \u00e4r utformad f\u00f6r att passa s\u00f6ml\u00f6st in i ditt hem och \u00e4r lika enkel att installera som att anv\u00e4nda. Placera den p\u00e5 ett bord eller montera den p\u00e5 v\u00e4ggen, vart \u00e4n det fungerar b\u00e4st f\u00f6r dig.<\/p>\n","protected":false},"author":4,"featured_media":917,"template":"","meta":{"_acf_changed":false},"product_brand":[],"product_cat":[83],"product_tag":[],"class_list":{"0":"post-918","1":"product","2":"type-product","3":"status-publish","4":"has-post-thumbnail","6":"product_cat-trygghetslarm","8":"first","9":"instock","10":"shipping-taxable","11":"purchasable","12":"product-type-simple"},"acf":[],"_links":{"self":[{"href":"https:\/\/www.careium.com\/se\/wp-json\/wp\/v2\/product\/918","targetHints":{"allow":["GET"]}}],"collection":[{"href":"https:\/\/www.careium.com\/se\/wp-json\/wp\/v2\/product"}],"about":[{"href":"https:\/\/www.careium.com\/se\/wp-json\/wp\/v2\/types\/product"}],"author":[{"embeddable":true,"href":"https:\/\/www.careium.com\/se\/wp-json\/wp\/v2\/users\/4"}],"wp:featuredmedia":[{"embeddable":true,"href":"https:\/\/www.careium.com\/se\/wp-json\/wp\/v2\/media\/917"}],"wp:attachment":[{"href":"https:\/\/www.careium.com\/se\/wp-json\/wp\/v2\/media?parent=918"}],"wp:term":[{"taxonomy":"product_brand","embeddable":true,"href":"https:\/\/www.careium.com\/se\/wp-json\/wp\/v2\/product_brand?post=918"},{"taxonomy":"product_cat","embeddable":true,"href":"https:\/\/www.careium.com\/se\/wp-json\/wp\/v2\/product_cat?post=918"},{"taxonomy":"product_tag","embeddable":true,"href":"https:\/\/www.careium.com\/se\/wp-json\/wp\/v2\/product_tag?post=918"}],"curies":[{"name":"wp","href":"https:\/\/api.w.org\/{rel}","templated":true}]}}