{"id":926,"date":"2025-04-29T13:23:36","date_gmt":"2025-04-29T13:23:36","guid":{"rendered":"https:\/\/www.careium.com\/se\/?post_type=product&#038;p=926"},"modified":"2026-02-10T08:32:59","modified_gmt":"2026-02-10T07:32:59","slug":"enzo-larmknapp-forbli-oberoende","status":"publish","type":"product","link":"https:\/\/www.careium.com\/se\/trygghetslosningar\/trygghetslarm\/enzo-larmknapp-forbli-oberoende\/","title":{"rendered":"Enzo Personlig larmknapp &#8211; H\u00e5ll dig s\u00e4ker och sj\u00e4lvst\u00e4ndig"},"content":{"rendered":"<p>Med bara ett knapptryck skickar Enzo ett larm till ditt larmsystem &#8211; oavsett om du befinner dig ute i tr\u00e4dg\u00e5rden eller i en annan del av huset. LED-lampan \u00e4ndrar f\u00e4rg f\u00f6r att f\u00f6rs\u00e4kra dig om att hj\u00e4lp \u00e4r p\u00e5 v\u00e4g, s\u00e5 att du aldrig beh\u00f6ver undra om larmet g\u00e5tt iv\u00e4g.<\/p>\n<p>Den \u00e4r utformad f\u00f6r daglig anv\u00e4ndning. H\u00e5llbar och vattent\u00e4t s\u00e5 att du s\u00e4kert kan b\u00e4ra den i duschen eller badet. L\u00e5ngvarigt, utbytbart batteri och automatisk batteri\u00f6vervakning s\u00e5 att du alltid vet n\u00e4r det \u00e4r dags f\u00f6r ett nytt batteri.<\/p>\n<p>Den \u00e4r l\u00e4tt att anv\u00e4nda, \u00e4ven med begr\u00e4nsad r\u00f6rlighet. Taktila kanter hj\u00e4lper personer med synneds\u00e4ttning att snabbt hitta knappen. Easy Press Adapter (tillval) g\u00f6r att det inte beh\u00f6vs stor tryckkraft f\u00f6r att utl\u00f6sa ett larm, vilket \u00e4r perfekt f\u00f6r anv\u00e4ndare med artrit eller svag greppstyrka.<\/p>\n<p><strong>Din s\u00e4kerhet \u00e4r bara en knapptryckning bort.\u00a0<\/strong><\/p>\n","protected":false},"excerpt":{"rendered":"<p>Enzo \u00e4r v\u00e5r mest betrodda personliga larmknapp, utformad f\u00f6r att ge dig omedelbar tillg\u00e5ng till hj\u00e4lp, \u00e4ven n\u00e4r du \u00e4r l\u00e5ngt fr\u00e5n ditt trygghetslarm. Den b\u00e4rs bekv\u00e4mt runt halsen eller runt handleden och kommer med alla v\u00e5ra personliga v\u00e4lf\u00e4rdssystem, inklusive Eliza, Eliza S och Eliza S+ s\u00e5 att du alltid kan k\u00e4nna dig trygg.<\/p>\n<p>&nbsp;<\/p>\n","protected":false},"author":5,"featured_media":925,"template":"","meta":{"_acf_changed":false},"product_brand":[],"product_cat":[84],"product_tag":[],"class_list":{"0":"post-926","1":"product","2":"type-product","3":"status-publish","4":"has-post-thumbnail","6":"product_cat-tillbehor-for-personlig-trygghet-och-valbefinnande","8":"first","9":"instock","10":"shipping-taxable","11":"purchasable","12":"product-type-simple"},"acf":[],"_links":{"self":[{"href":"https:\/\/www.careium.com\/se\/wp-json\/wp\/v2\/product\/926","targetHints":{"allow":["GET"]}}],"collection":[{"href":"https:\/\/www.careium.com\/se\/wp-json\/wp\/v2\/product"}],"about":[{"href":"https:\/\/www.careium.com\/se\/wp-json\/wp\/v2\/types\/product"}],"author":[{"embeddable":true,"href":"https:\/\/www.careium.com\/se\/wp-json\/wp\/v2\/users\/5"}],"wp:featuredmedia":[{"embeddable":true,"href":"https:\/\/www.careium.com\/se\/wp-json\/wp\/v2\/media\/925"}],"wp:attachment":[{"href":"https:\/\/www.careium.com\/se\/wp-json\/wp\/v2\/media?parent=926"}],"wp:term":[{"taxonomy":"product_brand","embeddable":true,"href":"https:\/\/www.careium.com\/se\/wp-json\/wp\/v2\/product_brand?post=926"},{"taxonomy":"product_cat","embeddable":true,"href":"https:\/\/www.careium.com\/se\/wp-json\/wp\/v2\/product_cat?post=926"},{"taxonomy":"product_tag","embeddable":true,"href":"https:\/\/www.careium.com\/se\/wp-json\/wp\/v2\/product_tag?post=926"}],"curies":[{"name":"wp","href":"https:\/\/api.w.org\/{rel}","templated":true}]}}