{"id":928,"date":"2025-04-29T13:32:57","date_gmt":"2025-04-29T13:32:57","guid":{"rendered":"https:\/\/www.careium.com\/se\/?post_type=product&#038;p=928"},"modified":"2026-03-05T13:21:16","modified_gmt":"2026-03-05T12:21:16","slug":"overvakat-roklarm-for-skydd-24-7","status":"publish","type":"product","link":"https:\/\/www.careium.com\/se\/trygghetslosningar\/trygghetslarm\/overvakat-roklarm-for-skydd-24-7\/","title":{"rendered":"\u00d6vervakad i10 R\u00f6kdetektor f\u00f6r skydd 24\/7"},"content":{"rendered":"<h3><strong>\u00d6vervakad r\u00f6kdetektor f\u00f6r fullst\u00e4ndig trygghet och s\u00e4kerhet i hemmet<\/strong><\/h3>\n<p>De flesta brandrelaterade d\u00f6dsfall intr\u00e4ffar i hem utan fungerande <strong>r\u00f6klarm.<\/strong> Vanliga brandvarnare \u00e4r ofta beroende av att n\u00e5gon kan h\u00f6ra larmsignalen, reagera snabbt och kontakta r\u00e4ddningstj\u00e4nsten. Men vad h\u00e4nder om den utsatta personen sover, \u00e4r h\u00f6rselskadad eller inte kan kalla p\u00e5 hj\u00e4lp?<\/p>\n<p>Vi tycker att <strong>s\u00e4kerhet aldrig ska vara beroende av att n\u00e5gon h\u00f6r ett larm eller kan agera p\u00e5 egen hand<\/strong>. V\u00e5ra smarta, \u00f6vervakade <strong>r\u00f6kdetektorer<\/strong> och <strong>kolmonoxidlarm<\/strong> \u00e4r anslutna direkt till en larmcentral som \u00e4r \u00f6ppen 24\/7 &#8211; vilket s\u00e4kerst\u00e4ller att hj\u00e4lp \u00e4r p\u00e5 v\u00e4g, \u00e4ven om ingen i hemmet kan larma.<\/p>\n<hr \/>\n<h3><strong>Hur fungerar den<\/strong><\/h3>\n<p><strong>i10 r\u00f6kdetektor<\/strong> erbjuder mer \u00e4n grundl\u00e4ggande larmfunktionalitet. Den \u00e4r integrerad med v\u00e5ra <strong>larmsystem<\/strong> vilket ger <strong>snabb detektering<\/strong>. Den skickar automatiskt larm till en professionell larmcentral s\u00e5 snart r\u00f6k eller brand uppt\u00e4cks. Om en brand startar medan personen sover eller inte kan reagera, kommer larmcentralen att kontakta r\u00e4ddningstj\u00e4nsten &#8211; vilket s\u00e4kerst\u00e4ller en snabb respons d\u00e4r varje sekund r\u00e4knas.<\/p>\n<hr \/>\n<h3><strong>Komplett s\u00e4kerhet med r\u00f6k-, v\u00e4rme- och kolmonoxidlarm<\/strong><\/h3>\n<p>F\u00f6r verklig sinnesfrid kan du kombinera <strong>i10 r\u00f6kdetektor<\/strong> med:<\/p>\n<ul>\n<li><a href=\"https:\/\/www.careium.com\/se\/trygghetslosningar\/trygghetslarm\/i10-varmedetektor-trygghet-24-7\/\">i10 v\u00e4rmedetektorer<\/a> &#8211; Perfekt f\u00f6r k\u00f6k, garage och tv\u00e4ttstugor d\u00e4r h\u00f6g v\u00e4rme, inte r\u00f6k, signalerar fara<\/li>\n<li><a href=\"https:\/\/www.careium.com\/se\/trygghetslosningar\/trygghetslarm\/i10-co-detektor-mot-tyst-mordare\/\">i10 kolmonoxidlarm<\/a> &#8211; Viktigt n\u00e4ra eldst\u00e4der, gaspannor och andra gasenheter f\u00f6r att uppt\u00e4cka d\u00f6dliga halter av kolmonoxid<\/li>\n<li><strong>Andra r\u00f6kdetektorer<\/strong>\u00a0&#8211; Ut\u00f6ka t\u00e4ckningen till alla viktiga omr\u00e5den, inklusive sovrum, korridorer, vardagsrum och k\u00e4llare<\/li>\n<\/ul>\n<p>V\u00e5rt <strong>integrerade larmsystem<\/strong> skapar en omfattande hems\u00e4kerhet, vilket minskar risken f\u00f6r ouppt\u00e4ckta br\u00e4nder, r\u00f6k eller f\u00f6r h\u00f6ga kolmonoxid-halter &#8211; och eliminerar p\u00e5 s\u00e5 s\u00e4tt farliga luckor i ditt hemmaskydd.<\/p>\n<hr \/>\n<h3><strong>Varf\u00f6r v\u00e4lja v\u00e5ra \u00f6vervakade r\u00f6kdetektorer och CO-larm?<\/strong><\/h3>\n<p><strong>\u00d6vervakning 24\/7 f\u00f6r omedelbar respons vid n\u00f6dsituationer<\/strong><br \/>\nF\u00e5 omedelbara kontakt med r\u00e4ddningstj\u00e4nsten &#8211; \u00e4ven om du befinner dig i riskzonen och inte kan svara.<\/p>\n<p><strong>Automatisk hj\u00e4lp vid n\u00f6dsituationer<\/strong><br \/>\nDu beh\u00f6ver inte f\u00f6rlita dig p\u00e5 att n\u00e5gon ska h\u00f6ra larmet eller sj\u00e4lv ringa efter r\u00e4ddningstj\u00e4nst &#8211; larmcentralen som \u00e4r \u00f6ppen dygnet runt, \u00e5rets alla dagar vidtar \u00e5tg\u00e4rder.<\/p>\n<p><strong>Komplett t\u00e4ckning i hemmet<\/strong><br \/>\nAnslut r\u00f6kdetektorer, v\u00e4rmedetektorer och kolmonoxid-larm i hela hemmet f\u00f6r maximalt skydd.<\/p>\n<p><strong>Idealt f\u00f6r seniorer och personer med s\u00e4rskilda behov<\/strong><br \/>\nPerfekt f\u00f6r \u00e4ldre familjemedlemmar, personer som bor ensamma eller andra som kanske inte kan reagera snabbt i en n\u00f6dsituation.<\/p>\n<p><strong>Enkel integrering med v\u00e5rt larmsystem<\/strong><br \/>\nL\u00e4nka enkelt till dina andra trygghetsenheter i hemmet f\u00f6r en s\u00f6ml\u00f6s, bekymmersfri l\u00f6sning.<\/p>\n<hr \/>\n<h3><strong>Ge dina n\u00e4ra och k\u00e4ra det skydd de f\u00f6rtj\u00e4nar<\/strong><\/h3>\n<p>N\u00e4r det g\u00e4ller brands\u00e4kerhet och kolmonoxidf\u00f6rgiftning kan det r\u00e4dda liv om man reagera snabbt. V\u00e5ra <strong>\u00f6vervakade<\/strong> <strong>i10 r\u00f6kdetektor<\/strong> och <strong>i10 CO-larm<\/strong> s\u00e4kerst\u00e4ller att hj\u00e4lp alltid \u00e4r p\u00e5 v\u00e4g &#8211; \u00e4ven om du sj\u00e4lv inte kan kalla p\u00e5 den. L\u00e4mna inte s\u00e4kerheten \u00e5t slumpen. Skydda dina n\u00e4ra och k\u00e4ra och din egen sinnesfrid med ett system som alltid \u00e4r observant och p\u00e5 alerten, s\u00e5 att du inte beh\u00f6ver vara det.<\/p>\n<hr \/>\n","protected":false},"excerpt":{"rendered":"<p>V\u00e5r smarta i10 r\u00f6kdetektor g\u00f6r mer \u00e4n att bara larma, den kontaktar automatiskt en larmcentral som \u00e4r \u00f6ppen 24\/7 och som kan prata direkt med dig eller ringa r\u00e4ddningstj\u00e4nsten om det beh\u00f6vs, vilket betyder att \u00e4ven om du inte kan svara s\u00e5 \u00e4r hj\u00e4lp p\u00e5 v\u00e4g.<\/p>\n","protected":false},"author":4,"featured_media":383,"template":"","meta":{"_acf_changed":false},"product_brand":[],"product_cat":[84],"product_tag":[],"class_list":{"0":"post-928","1":"product","2":"type-product","3":"status-publish","4":"has-post-thumbnail","6":"product_cat-tillbehor-for-personlig-trygghet-och-valbefinnande","8":"first","9":"instock","10":"shipping-taxable","11":"purchasable","12":"product-type-simple"},"acf":[],"_links":{"self":[{"href":"https:\/\/www.careium.com\/se\/wp-json\/wp\/v2\/product\/928","targetHints":{"allow":["GET"]}}],"collection":[{"href":"https:\/\/www.careium.com\/se\/wp-json\/wp\/v2\/product"}],"about":[{"href":"https:\/\/www.careium.com\/se\/wp-json\/wp\/v2\/types\/product"}],"author":[{"embeddable":true,"href":"https:\/\/www.careium.com\/se\/wp-json\/wp\/v2\/users\/4"}],"wp:featuredmedia":[{"embeddable":true,"href":"https:\/\/www.careium.com\/se\/wp-json\/wp\/v2\/media\/383"}],"wp:attachment":[{"href":"https:\/\/www.careium.com\/se\/wp-json\/wp\/v2\/media?parent=928"}],"wp:term":[{"taxonomy":"product_brand","embeddable":true,"href":"https:\/\/www.careium.com\/se\/wp-json\/wp\/v2\/product_brand?post=928"},{"taxonomy":"product_cat","embeddable":true,"href":"https:\/\/www.careium.com\/se\/wp-json\/wp\/v2\/product_cat?post=928"},{"taxonomy":"product_tag","embeddable":true,"href":"https:\/\/www.careium.com\/se\/wp-json\/wp\/v2\/product_tag?post=928"}],"curies":[{"name":"wp","href":"https:\/\/api.w.org\/{rel}","templated":true}]}}