{"id":932,"date":"2025-04-29T13:40:03","date_gmt":"2025-04-29T13:40:03","guid":{"rendered":"https:\/\/www.careium.com\/se\/?post_type=product&#038;p=932"},"modified":"2025-12-05T15:05:26","modified_gmt":"2025-12-05T14:05:26","slug":"nattuggla-smart-tillsyn-24-7","status":"publish","type":"product","link":"https:\/\/www.careium.com\/se\/trygghetslosningar\/trygghetslarm\/nattuggla-smart-tillsyn-24-7\/","title":{"rendered":"Nattuggla &#8211; smart falldetektering och digital tillsyn 24\/7"},"content":{"rendered":"<p><b>Nattuggla <\/b>\u00e4r ett smart, AI-drivet tillsynssystem som \u00e4r utformat f\u00f6r att h\u00e5lla m\u00e4nniskor trygga &#8211; dag som natt. Med hj\u00e4lp av en <strong>h\u00f6guppl\u00f6st infrar\u00f6d kamera<\/strong> arbetar Nattuggla i totalt m\u00f6rker f\u00f6r att uppt\u00e4cka risker som fall, n\u00f6dsituationer eller att omsorgstagaren l\u00e4mnar sin s\u00e4ng. Kameran k\u00e4nner av onormal aktivitet och varnar v\u00e5rdpersonalen omedelbart, vilket m\u00f6jligg\u00f6r snabb och viktig respons.<\/p>\n<p>Med <strong>intelligent tillsyn 24\/7<\/strong> och avancerad falldetektering, f\u00f6rhindrar Nattuggla olyckor innan de intr\u00e4ffar vilket g\u00f6r den till en idealisk l\u00f6sning f\u00f6r \u00e4ldreboenden, olika v\u00e5rdinr\u00e4ttningar och hemv\u00e5rdsmilj\u00f6er.<\/p>\n<hr \/>\n<h3><strong>Hur fungerar den<\/strong><\/h3>\n<p>Nattuggla \u00e4r banbrytande d\u00e5 den <strong>k\u00e4nner igen beteenden med hj\u00e4lp av<\/strong>\u00a0<strong>AI<\/strong>, och kombinerar det med h\u00f6guppl\u00f6st infrar\u00f6d video f\u00f6r att ge varningar i realtid om potentiellt farliga situationer. Till skillnad fr\u00e5n traditionella system som f\u00f6rlitar sig p\u00e5 larmknappar, mattor eller s\u00e4ngsensorer, erbjuder Nattuggla tillsyn som inte tr\u00e4nger sig p\u00e5. Den fungerar automatiskt, utan att omsorgstagaren beh\u00f6ver aktivera eller b\u00e4ra n\u00e5got med sig.<\/p>\n<p>Systemet uppt\u00e4cker viktiga risksituationer, bland annat:<\/p>\n<ul>\n<li>Fall- och snubbelolyckor<\/li>\n<li>H\u00f6ga rop p\u00e5 hj\u00e4lp eller andra n\u00f6dljud<\/li>\n<li>Personer som ofta g\u00e5r upp p\u00e5 natten (minskar risken f\u00f6r att vandra omkring)<\/li>\n<li>L\u00e5nga toalettbes\u00f6k (ett tecken p\u00e5 fall eller m\u00f6jlig svimning)<\/li>\n<li>Varningar om en person g\u00e5tt ut ur ett rum<\/li>\n<\/ul>\n<p>Genom att identifiera dessa situationer tidigt bidrar Nattuggla till att f\u00f6rebygga olyckor, minska omsorgsgivarens arbetsbelastning och f\u00f6rb\u00e4ttra den \u00f6vergripande s\u00e4kerheten.<\/p>\n<hr \/>\n<h3><strong>Varf\u00f6r v\u00e4lja Nattuggla?<\/strong><\/h3>\n<h4><strong>Bevisat att f\u00f6rhindra \u00f6ver 50 % av alla fall<\/strong><\/h4>\n<p>I en storskalig f\u00e4ltstudie med <strong>16 000 larm p\u00e5 12 \u00e4ldreboenden<\/strong> minskade Nattuggla fallincidenterna avsev\u00e4rt. Den smarta digitala tillsynen uppt\u00e4cker tidiga varningssignaler och g\u00f6r det m\u00f6jligt f\u00f6r v\u00e5rdpersonal att ingripa innan olyckor intr\u00e4ffar.<\/p>\n<h4><strong>Minskar v\u00e5rdpersonalens stress och sjukfr\u00e5nvaro<\/strong><\/h4>\n<p>Nattuggla eliminerar behovet av st\u00e4ndiga fysiska kontroller, vilket frig\u00f6r tid f\u00f6r v\u00e5rdpersonalen att fokusera p\u00e5 meningsfull v\u00e5rd. Med f\u00e4rre nattliga bes\u00f6k och effektivare rutiner minskar stressniv\u00e5erna och sjukfr\u00e5nvaron bland v\u00e5rdpersonalen kraftigt.<\/p>\n<h4><strong>24\/7 s\u00e4kerhet med smarta larm<\/strong><\/h4>\n<p>Den AI-drivna kameran k\u00e4nner igen farliga situationer n\u00e4r som helst p\u00e5 dygnet och sk\u00e4nker trygghet dygnet runt utan st\u00e4ndig tillsyn.<\/p>\n<h4><strong>In- och utg\u00e5ende r\u00f6stkommunikation<\/strong><\/h4>\n<p>Tala direkt genom systemet. V\u00e5rdpersonal kan checka in, lugna eller v\u00e4gleda personen i rummet direkt genom inbyggt tv\u00e5v\u00e4gskommunikation.<\/p>\n<h4><strong>Framtidss\u00e4krad, digital teknik<\/strong><\/h4>\n<p>Kameran \u00e4r utformade f\u00f6r l\u00e5ngvarig anv\u00e4ndning med <strong>end-to-end-kryptering<\/strong> och st\u00f6der <strong>4G-, WiFi- och Power over Ethernet (PoE)<\/strong>-anslutning. Konstanta uppdateringar av programvaran s\u00e4kerst\u00e4ller att systemet f\u00f6rblir s\u00e4kert, toppmodernt och tillf\u00f6rlitligt i takt med att tekniken utvecklas.<\/p>\n<hr \/>\n<h3><strong>Smartare v\u00e5rd, b\u00e4ttre s\u00e4kerhet, st\u00f6rre sinnesfrid<\/strong><\/h3>\n<p>Det \u00e4r mer \u00e4n bara ett kamerasystem, det \u00e4r ett smartare s\u00e4tt att skydda utsatta personer och st\u00f6tta v\u00e5rdgivare. Genom att kombinera intelligent falldetektering med diskret tillsyn och omedelbara varningar bidrar det till att skapa s\u00e4krare boendemilj\u00f6er &#8211; utan behov av invasiva enheter.<\/p>\n<p>Oavsett om det g\u00e4ller v\u00e5rdhem, serviceboenden eller privata hem minskar kameran risken f\u00f6r olyckor samt sk\u00e4nker sinnesro till familj och omsorgsgivare med vetskapen att deras n\u00e4ra och k\u00e4ra alltid \u00e4r trygga.<\/p>\n<p><strong>V\u00e4lj Nattuggla f\u00f6r proaktiv fallprevention, smartare natts\u00e4kerhet och verklig sinnesfrid &#8211; dag som natt.<\/strong><\/p>\n<hr \/>\n","protected":false},"excerpt":{"rendered":"<p>En ost\u00f6rd natts\u00f6mn \u00e4r avg\u00f6rande f\u00f6r den allm\u00e4nna h\u00e4lsan. Nattuggla garanterar s\u00e4kerhet och oavbruten vila genom smart, digital \u00f6vervakning. Detta avancerade system hj\u00e4lper kommuner och hemv\u00e5rdspersonal att ha uppsikt \u00f6ver sina omsorgstagare p\u00e5 ett s\u00e4kert och effektivt s\u00e4tt, utan att tumma p\u00e5 integritet. <strong>Idealt f\u00f6r: \u00e4ldre- och serviceboende, demensv\u00e5rd, sjukhus och hemtj\u00e4nst.<\/strong><\/p>\n","protected":false},"author":5,"featured_media":3783,"template":"","meta":{"_acf_changed":false},"product_brand":[],"product_cat":[84],"product_tag":[],"class_list":{"0":"post-932","1":"product","2":"type-product","3":"status-publish","4":"has-post-thumbnail","6":"product_cat-tillbehor-for-personlig-trygghet-och-valbefinnande","8":"first","9":"instock","10":"shipping-taxable","11":"purchasable","12":"product-type-simple"},"acf":[],"_links":{"self":[{"href":"https:\/\/www.careium.com\/se\/wp-json\/wp\/v2\/product\/932","targetHints":{"allow":["GET"]}}],"collection":[{"href":"https:\/\/www.careium.com\/se\/wp-json\/wp\/v2\/product"}],"about":[{"href":"https:\/\/www.careium.com\/se\/wp-json\/wp\/v2\/types\/product"}],"author":[{"embeddable":true,"href":"https:\/\/www.careium.com\/se\/wp-json\/wp\/v2\/users\/5"}],"wp:featuredmedia":[{"embeddable":true,"href":"https:\/\/www.careium.com\/se\/wp-json\/wp\/v2\/media\/3783"}],"wp:attachment":[{"href":"https:\/\/www.careium.com\/se\/wp-json\/wp\/v2\/media?parent=932"}],"wp:term":[{"taxonomy":"product_brand","embeddable":true,"href":"https:\/\/www.careium.com\/se\/wp-json\/wp\/v2\/product_brand?post=932"},{"taxonomy":"product_cat","embeddable":true,"href":"https:\/\/www.careium.com\/se\/wp-json\/wp\/v2\/product_cat?post=932"},{"taxonomy":"product_tag","embeddable":true,"href":"https:\/\/www.careium.com\/se\/wp-json\/wp\/v2\/product_tag?post=932"}],"curies":[{"name":"wp","href":"https:\/\/api.w.org\/{rel}","templated":true}]}}