{"id":935,"date":"2025-05-07T10:55:59","date_gmt":"2025-05-07T10:55:59","guid":{"rendered":"https:\/\/www.careium.com\/se\/?post_type=product&#038;p=935"},"modified":"2025-06-05T12:56:00","modified_gmt":"2025-06-05T12:56:00","slug":"i10-co-detektor-mot-tyst-mordare","status":"publish","type":"product","link":"https:\/\/www.careium.com\/se\/trygghetslosningar\/trygghetslarm\/i10-co-detektor-mot-tyst-mordare\/","title":{"rendered":"i10 Kolmonoxidlarm &#8211; Smart skydd mot den tysta faran"},"content":{"rendered":"<h2><strong>i10 kolmonoxiddetektor &#8211; 24\/7 skydd mot det osynliga hotet<\/strong><\/h2>\n<p>Kolmonoxid (CO) kallas ofta f\u00f6r den tysta m\u00f6rdaren. Gasen \u00e4r helt osynlig &#8211; du kan inte se, lukta eller smaka den. Men \u00e4ven en liten l\u00e4cka fr\u00e5n vardagliga apparater som gaspannor och spisar eller en enkel vedeldad brasa kan snabbt leda till farliga niv\u00e5er av CO i ditt hem. Varje \u00e5r l\u00e4ggs tusentals m\u00e4nniskor in p\u00e5 sjukhus p\u00e5 grund av kolmonoxidf\u00f6rgiftning, n\u00e5got som ofta sker medan de sover och d\u00e4rmed \u00e4r helt ovetandes om faran.<\/p>\n<p>En p\u00e5litlig <strong>kolmonoxiddetektor<\/strong> \u00e4r det enda s\u00e4ttet att skydda dig sj\u00e4lv och dina n\u00e4ra och k\u00e4ra fr\u00e5n det osynliga hotet. <strong>i10 kolmonoxiddetektor<\/strong> s\u00e4nder inte bara ut en lokal larmsignal i hemmet utan ansluter sig automatiskt till en 24\/7 larmcentral &#8211; vilket ger ett extra skyddsn\u00e4t n\u00e4r du beh\u00f6ver det som mest.<\/p>\n<hr \/>\n<h3><strong>Varf\u00f6r beh\u00f6vs den<\/strong><\/h3>\n<p>Kolmonoxid produceras n\u00e4r br\u00e4nslen som gas, tr\u00e4, kol eller olja inte brinner ordentligt. Felaktiga v\u00e4rmesystem eller d\u00e5lig ventilation kan l\u00e4tt l\u00e5ta CO-gas byggas upp inomhus. Eftersom symptomen p\u00e5 CO-f\u00f6rgiftning &#8211; s\u00e5som huvudv\u00e4rk, yrsel eller illam\u00e5ende &#8211; ofta misstas f\u00f6r andra sjukdomar, inser m\u00e5nga m\u00e4nniskor inte att de \u00e4r i riskzonen f\u00f6rr\u00e4n det \u00e4r f\u00f6r sent.<\/p>\n<p>En <strong>kolmonoxiddetektor<\/strong> \u00e4r viktig f\u00f6r att tidigt kunna varna. Den hj\u00e4lper till att f\u00f6rhindra allvarliga h\u00e4lsokomplikationer, sjukhusbes\u00f6k eller till och med d\u00f6dsfall orsakade av ouppt\u00e4ckt CO-exponering.<\/p>\n<hr \/>\n<h3><strong>Hur den fungerar<\/strong><\/h3>\n<p>i10 Kolmonoxiddetektor <strong>kontrollerar kontinuerligt luften<\/strong> i ditt hem efter farliga CO-niv\u00e5er. N\u00e4r kolmonoxid uppt\u00e4cks avger enheten ett h\u00f6gt lokalt larm samt skickar direkt en varning till en 24\/7 larmcentral. Detta inneb\u00e4r att \u00e5tg\u00e4rder kan vidtas \u00e4ven om du inte h\u00f6r eller kan reagera p\u00e5 larmet.<\/p>\n<hr \/>\n<h3><strong>24\/7-larmcentral f\u00f6r omedelbar hj\u00e4lp<\/strong><\/h3>\n<p>Till skillnad fr\u00e5n vanliga CO-larm \u00e4r kolmonoxiddetektorn i10 <strong>konstant<\/strong> <strong>ansluten till en professionell larmcentral<\/strong>. Om ett larm utl\u00f6ses kan utbildade larmoperat\u00f6rer kontakta dig, meddela familjemedlemmar eller skicka ut r\u00e4ddningstj\u00e4nst vid behov. Detta ger ett viktigt skydd f\u00f6r \u00e4ldre personer, personer med behov av st\u00f6d eller de som bor ensamma.<\/p>\n<hr \/>\n<h3><strong>Enkel installation och l\u00e5ng batteritid<\/strong><\/h3>\n<p>CO-detektorn \u00e4r utformad f\u00f6r problemfri installation och har tr\u00e5dl\u00f6s anslutning utan <strong>behov av komplicerad kabeldragning<\/strong>. Det f\u00f6rseglade 10-\u00e5rsbatteriet s\u00e4kerst\u00e4ller tillf\u00f6rlitlig drift utan behov av att byta batterier, vilket ger dig l\u00e5ngsiktig sinnesro.<\/p>\n<hr \/>\n<h3><strong>Skydda ditt hem fr\u00e5n CO-f\u00f6rgiftning<\/strong><\/h3>\n<p><strong>Kolmonoxiddetektor\u00a0i10<\/strong> erbjuder smart, enkelt och effektivt skydd mot en av de farligaste riskerna i hemmet. Med sina avancerade larmfunktioner och l\u00e4ttanv\u00e4nda design hj\u00e4lper den till att h\u00e5lla dig och din familj trygga &#8211; dag och natt.<\/p>\n<hr \/>\n","protected":false},"excerpt":{"rendered":"<p>Kolmonoxid (CO) \u00e4r en tyst m\u00f6rdare &#8211; du kan inte se, lukta eller smaka den, men den kan vara d\u00f6dlig p\u00e5 bara n\u00e5gra minuter. Varje \u00e5r l\u00e4ggs tusentals m\u00e4nniskor in p\u00e5 sjukhus p\u00e5 grund av CO-f\u00f6rgiftning, n\u00e5got som ofta sker n\u00e4r de sover. Till skillnad fr\u00e5n vanliga detektorer som bara avger ett larm, varnar v\u00e5r i10 CO-detektor b\u00e5de dig och en larmcentral som \u00e4r \u00f6ppet dygnet runt, \u00e5rets alla dagar. Med en batterilivsl\u00e4ngd p\u00e5 10 \u00e5r och tr\u00e5dl\u00f6s anslutning kopplad till en professionell larmcentral \u00e4r i10 CO-detektor det s\u00e4kraste s\u00e4ttet att skydda ditt hem mot det osynliga hotet.<\/p>\n","protected":false},"author":4,"featured_media":934,"template":"","meta":{"_acf_changed":false},"product_brand":[],"product_cat":[84],"product_tag":[],"class_list":{"0":"post-935","1":"product","2":"type-product","3":"status-publish","4":"has-post-thumbnail","6":"product_cat-tillbehor-for-personlig-trygghet-och-valbefinnande","8":"first","9":"instock","10":"shipping-taxable","11":"purchasable","12":"product-type-simple"},"acf":[],"_links":{"self":[{"href":"https:\/\/www.careium.com\/se\/wp-json\/wp\/v2\/product\/935","targetHints":{"allow":["GET"]}}],"collection":[{"href":"https:\/\/www.careium.com\/se\/wp-json\/wp\/v2\/product"}],"about":[{"href":"https:\/\/www.careium.com\/se\/wp-json\/wp\/v2\/types\/product"}],"author":[{"embeddable":true,"href":"https:\/\/www.careium.com\/se\/wp-json\/wp\/v2\/users\/4"}],"wp:featuredmedia":[{"embeddable":true,"href":"https:\/\/www.careium.com\/se\/wp-json\/wp\/v2\/media\/934"}],"wp:attachment":[{"href":"https:\/\/www.careium.com\/se\/wp-json\/wp\/v2\/media?parent=935"}],"wp:term":[{"taxonomy":"product_brand","embeddable":true,"href":"https:\/\/www.careium.com\/se\/wp-json\/wp\/v2\/product_brand?post=935"},{"taxonomy":"product_cat","embeddable":true,"href":"https:\/\/www.careium.com\/se\/wp-json\/wp\/v2\/product_cat?post=935"},{"taxonomy":"product_tag","embeddable":true,"href":"https:\/\/www.careium.com\/se\/wp-json\/wp\/v2\/product_tag?post=935"}],"curies":[{"name":"wp","href":"https:\/\/api.w.org\/{rel}","templated":true}]}}