{"id":940,"date":"2025-04-29T14:06:32","date_gmt":"2025-04-29T14:06:32","guid":{"rendered":"https:\/\/www.careium.com\/se\/?post_type=product&#038;p=940"},"modified":"2025-09-24T10:34:41","modified_gmt":"2025-09-24T08:34:41","slug":"i10-varmedetektor-trygghet-24-7","status":"publish","type":"product","link":"https:\/\/www.careium.com\/se\/trygghetslosningar\/trygghetslarm\/i10-varmedetektor-trygghet-24-7\/","title":{"rendered":"i10 V\u00e4rmedetektor &#8211; kraftfullt, omedelbart brandskydd"},"content":{"rendered":"<p><strong>i10 V\u00e4rmedetektor <\/strong>g\u00f6r mer \u00e4n att bara larma &#8211; den tillhandah\u00e5ller ett ov\u00e4rderligt system f\u00f6r tidig varning som \u00e4r direkt anslutet till en <strong>24\/7-larmcentral<\/strong>. Till skillnad fr\u00e5n vanliga v\u00e4rmelarm \u00e4r i10 V\u00e4rmdetektor helt integrerad med ditt <strong>personliga trygghetssystem<\/strong>, vilket s\u00e4kerst\u00e4ller att stigande temperaturer utl\u00f6ser omedelbara \u00e5tg\u00e4rder &#8211; \u00e4ven om ingen kan larma efter hj\u00e4lp.<\/p>\n<p>N\u00e4r v\u00e4rmeniv\u00e5erna \u00f6verskrider s\u00e4kra gr\u00e4nser skickar systemet en omedelbar varning till larmcentralen. Utbildade operat\u00f6rer reagerar, bed\u00f6mer situationen och skickar snabbt ut akutlarm om det beh\u00f6vs. Vid brand r\u00e4knas varje sekund &#8211; och v\u00e5r v\u00e4rmedetektor hj\u00e4lper att se till att dessa v\u00e4rdefulla \u00f6gonblick inte g\u00e5r f\u00f6rlorade.<\/p>\n<p>Detta smarta, uppkopplade system ger tillf\u00f6rlitlig s\u00e4kerhet och sinnesfrid, s\u00e4rskilt f\u00f6r <strong>s\u00e5rbara personer, \u00e4ldre eller andra i riskzonen som kanske inte kan larma sj\u00e4lva<\/strong>.<\/p>\n<hr \/>\n<h3><strong>S\u00e5 fungerar den<\/strong><\/h3>\n<p>V\u00e4rmedetektorerna \u00e4r s\u00e4rskilt utformade f\u00f6r att identifiera farliga temperatur\u00f6kningar &#8211; vanligtvis vid 57 \u00b0C eller h\u00f6gre. Detta g\u00f6r dem idealiska f\u00f6r omr\u00e5den d\u00e4r brandvarnare kan orsaka falsklarm, t.ex:<\/p>\n<ul>\n<li><strong>K\u00f6k<\/strong> (matlagnings\u00e5nga eller kraftig r\u00f6k fr\u00e5n stekpannor)<\/li>\n<li><strong>Garage<\/strong> (\u00e5ngor eller damm fr\u00e5n fordon)<\/li>\n<li><strong>Pannrum eller tv\u00e4ttstugor<\/strong><\/li>\n<\/ul>\n<p>Medan <strong>r\u00f6kdetektor<\/strong>\u00a0\u00e4r n\u00f6dv\u00e4ndiga i sov- och vardagsrum, ger <strong>v\u00e4rmelarm<\/strong> ett viktigt skydd d\u00e4r andra detektorer kanske inte r\u00e4cker till.<\/p>\n<hr \/>\n<h3><strong>En del av ett komplett s\u00e4kerhetssystem f\u00f6r hemmet<\/strong><\/h3>\n<p>F\u00f6r b\u00e4sta m\u00f6jliga skydd mot brand och d\u00f6dliga halter av kolmonoxid, kombinera g\u00e4rna i10 v\u00e4rmedetektor med v\u00e5ra:<\/p>\n<ul>\n<li style=\"list-style-type: none;\">\n<ul>\n<li><strong><a href=\"https:\/\/www.careium.com\/se\/trygghetslosningar\/trygghetslarm\/overvakat-roklarm-for-skydd-24-7\/\">i10 r\u00f6klarm<\/a><\/strong> &#8211; Idealiska f\u00f6r sovrum, korridorer och vardagsrum<\/li>\n<li><a href=\"https:\/\/www.careium.com\/se\/trygghetslosningar\/trygghetslarm\/i10-co-detektor-mot-tyst-mordare\/\"><strong>i10 kolmonoxid (CO)-detektorer<\/strong><\/a> &#8211; Rekommenderas n\u00e4ra v\u00e4rmepannor, eldst\u00e4der eller gasenheter<\/li>\n<\/ul>\n<\/li>\n<\/ul>\n<p>Genom att anv\u00e4nda r\u00e4tt typ av detektor p\u00e5 r\u00e4tt plats skapar du ett <strong>omfattande skyddsn\u00e4t<\/strong> i hela hemmet, vilket minskar risken f\u00f6r person- eller materiella skador.<\/p>\n<hr \/>\n<h3><strong>Viktig s\u00e4kerhetsinformation &#8211; var ska den installeras<\/strong><\/h3>\n<p>V\u00e4rmelarm \u00e4r s\u00e4rskilt utformade f\u00f6r milj\u00f6er med h\u00f6ga temperaturer och aktiveras endast n\u00e4r temperaturen \u00f6verstiger 57 \u00b0C eller h\u00f6gre. F\u00f6r sovrum och omr\u00e5den d\u00e4r m\u00e4nniskor sover, anv\u00e4nd alltid <strong>r\u00f6kdetektorer<\/strong> f\u00f6r tidig varning mot brand.<\/p>\n<p>Rekommenderad placering f\u00f6r v\u00e4rmedetektorer: <strong>K\u00f6k, <\/strong><strong>Garage, <\/strong><strong>V\u00e4xthus och <\/strong><strong>Pannrum.<\/strong><\/p>\n<hr \/>\n<h3>Varf\u00f6r v\u00e4lja i10 v\u00e4rmedetektor?<\/h3>\n<ul>\n<li><strong>Larm till en 24\/7 larmcentral<\/strong> &#8211; Uppkopplad s\u00e4kerhet som inte \u00e4r beroende av att personen i fara larmar<\/li>\n<li><strong>Smart integration med v\u00e5ra andra larmsystem<\/strong> &#8211; Ansluts s\u00f6ml\u00f6st till dina andra v\u00e4lf\u00e4rdsprodukter<\/li>\n<li><strong>Ideal f\u00f6r h\u00f6griskomr\u00e5den<\/strong> &#8211; Minskar antalet falsklarm i k\u00f6k och garage samtidigt som den ger tillf\u00f6rlitlig branddetektering<\/li>\n<li><strong>Snabb respons n\u00e4r varje sekund r\u00e4knas<\/strong> &#8211; Omedelbar \u00e5tg\u00e4rd, \u00e4ven n\u00e4r personen i riskzonen inte kan svara<\/li>\n<li><strong>St\u00f6djer en komplett l\u00f6sning f\u00f6r hems\u00e4kerhet<\/strong> &#8211; Fungerar tillsammans med r\u00f6kdetektorer och kolmonoxidlarm f\u00f6r fullst\u00e4ndig t\u00e4ckning<\/li>\n<\/ul>\n<hr \/>\n<h3><strong>Skydda ditt hem med smart v\u00e4rmedetektering<\/strong><\/h3>\n<p><strong>i10 v\u00e4rmedetektor<\/strong> f\u00f6r ett smart och tillf\u00f6rlitligt brandskydd i de mest kritiska omr\u00e5dena i ditt hem. N\u00e4r den kombineras med r\u00f6k- och CO-detektorer utg\u00f6r den en del av ett kraftfullt, uppkopplat trygghetssystem som \u00e4r utformat f\u00f6r att ge dig trygghet och sinnesfrid &#8211; dag och natt.<\/p>\n<hr \/>\n","protected":false},"excerpt":{"rendered":"<p>V\u00e5r i10-v\u00e4rmedetektor \u00e4r den perfekta l\u00f6sningen f\u00f6r k\u00f6k och rum med h\u00f6g risk f\u00f6r \u00e5ngbildning, utformad f\u00f6r att endast varna dig n\u00e4r det finns en verklig fara. Den uppt\u00e4cker snabb temperatur\u00f6kning, det vill s\u00e4ga den reagerar inte p\u00e5 bara br\u00e4nd toast eller lite \u00e5nga. Perfekt f\u00f6r alla platser d\u00e4r r\u00f6kdetektorer kan orsaka on\u00f6diga larm.<\/p>\n","protected":false},"author":5,"featured_media":939,"template":"","meta":{"_acf_changed":false},"product_brand":[],"product_cat":[84],"product_tag":[],"class_list":{"0":"post-940","1":"product","2":"type-product","3":"status-publish","4":"has-post-thumbnail","6":"product_cat-tillbehor-for-personlig-trygghet-och-valbefinnande","8":"first","9":"instock","10":"shipping-taxable","11":"purchasable","12":"product-type-simple"},"acf":[],"_links":{"self":[{"href":"https:\/\/www.careium.com\/se\/wp-json\/wp\/v2\/product\/940","targetHints":{"allow":["GET"]}}],"collection":[{"href":"https:\/\/www.careium.com\/se\/wp-json\/wp\/v2\/product"}],"about":[{"href":"https:\/\/www.careium.com\/se\/wp-json\/wp\/v2\/types\/product"}],"author":[{"embeddable":true,"href":"https:\/\/www.careium.com\/se\/wp-json\/wp\/v2\/users\/5"}],"wp:featuredmedia":[{"embeddable":true,"href":"https:\/\/www.careium.com\/se\/wp-json\/wp\/v2\/media\/939"}],"wp:attachment":[{"href":"https:\/\/www.careium.com\/se\/wp-json\/wp\/v2\/media?parent=940"}],"wp:term":[{"taxonomy":"product_brand","embeddable":true,"href":"https:\/\/www.careium.com\/se\/wp-json\/wp\/v2\/product_brand?post=940"},{"taxonomy":"product_cat","embeddable":true,"href":"https:\/\/www.careium.com\/se\/wp-json\/wp\/v2\/product_cat?post=940"},{"taxonomy":"product_tag","embeddable":true,"href":"https:\/\/www.careium.com\/se\/wp-json\/wp\/v2\/product_tag?post=940"}],"curies":[{"name":"wp","href":"https:\/\/api.w.org\/{rel}","templated":true}]}}