{"id":944,"date":"2025-04-29T14:24:55","date_gmt":"2025-04-29T14:24:55","guid":{"rendered":"https:\/\/www.careium.com\/se\/?post_type=product&#038;p=944"},"modified":"2025-09-24T10:42:36","modified_gmt":"2025-09-24T08:42:36","slug":"medicindispenser-for-paminnelse","status":"publish","type":"product","link":"https:\/\/www.careium.com\/se\/trygghetslosningar\/trygghetslarm\/medicindispenser-for-paminnelse\/","title":{"rendered":"Smart medicindispenser f\u00f6r p\u00e5litliga p\u00e5minnelser och sinnesfrid"},"content":{"rendered":"<h3><strong data-start=\"191\" data-end=\"287\">Automatisk medicindispenser &#8211; s\u00e4krare tabletthantering med p\u00e5minnelser och varningar<\/strong><\/h3>\n<p class=\"\" data-start=\"289\" data-end=\"720\">Daglig hantering av mediciner kan vara en utmaning, s\u00e4rskilt f\u00f6r personer som tar flera tabletter vid olika tidpunkter p\u00e5 dagen. R\u00e5kar man ta fel dos eller helt gl\u00f6mmer att ta sin medicin kan det leda till allvarliga h\u00e4lsorisker, inklusive sjukhusinl\u00e4ggningar och f\u00f6rs\u00e4mrad h\u00e4lsa. En tillf\u00f6rlitlig l\u00f6sning som en medicinp\u00e5minnare <strong>hj\u00e4lper till att minska riskerna f\u00f6r felmedicinering och ger sinnesro<\/strong> f\u00f6r b\u00e5de anv\u00e4ndare och omsorgsgivaren.<\/p>\n<p data-start=\"722\" data-end=\"1133\">Med v\u00e5r medicinp\u00e5minnare blir rutinerna kring medicinering enkla, s\u00e4kra och stressfria. Den \u00e4r l\u00e4tt att fylla p\u00e5 med tabletter och har tydliga fack f\u00f6r varje dos. Med den anv\u00e4ndarv\u00e4nliga LCD-sk\u00e4rmen kan du enkelt st\u00e4lla in exakta tider f\u00f6r n\u00e4r varje dos ska tas. Medicindispensern rymmer upp till 28 doser, vilket g\u00f6r den l\u00e4mplig f\u00f6r daglig, dubbel eller veckovis medicinering.<\/p>\n<p class=\"\" data-start=\"1135\" data-end=\"1572\">N\u00e4r det \u00e4r dags att ta din medicin varnar <strong>medicinp\u00e5minnaren med ett h\u00f6gt larm och en blinkande lampa<\/strong>. Det tydliga larmet g\u00f6r det l\u00e4tt att komma ih\u00e5g sin medicin och minskar risken f\u00f6r missade doser &#8211; s\u00e4rskilt anv\u00e4ndbart f\u00f6r personer med demenssjukdom eller kognitiva sv\u00e5righeter. Tabletterna \u00e4r endast tillg\u00e4ngliga vid schemalagda tidpunkter, vilket ocks\u00e5 hj\u00e4lper till att f\u00f6rhindra dubbeldosering eller f\u00f6rvirring om huruvida medicinen har tagits.<\/p>\n<p class=\"\" data-start=\"1574\" data-end=\"1895\">F\u00f6r extra s\u00e4kerhet kan den anslutas till ditt personliga trygghetslarmsystem. Om en dos missas skickas automatiskt en varning till en larmcentral som \u00e4r \u00f6ppen dygnet runt, \u00e5rets alla dagar. Detta s\u00e4kerst\u00e4ller att hj\u00e4lp finns tillg\u00e4nglig snabbt om n\u00e5got g\u00e5r fel, vilket ger b\u00e5de anv\u00e4ndaren och deras n\u00e4ra och k\u00e4ra extra trygghet.<\/p>\n<p class=\"\" data-start=\"1897\" data-end=\"2080\">Den automatiska medicindispensern \u00e4r b\u00e4rbar och batteridriven, vilket m\u00f6jligg\u00f6r en flexibel placering i hemmet. Den har ett l\u00e5sbart lock f\u00f6r att f\u00f6rhindra manipulering och h\u00e5lla d\u00e4rmed medicinen s\u00e4ker.<\/p>\n<p class=\"\" data-start=\"2082\" data-end=\"2417\">Genom att se till att rutinen kring medicinering \u00e4r s\u00e4ker och korrekt bidrar den till att fr\u00e4mja sj\u00e4lvst\u00e4ndighet samtidigt som den minskar oron kring medicinhanteringen. Idealisk f\u00f6r \u00e4ldre personer som bor ensamma, f\u00f6r familjemedlemmar som vill st\u00f6dja en n\u00e4rst\u00e5ende eller f\u00f6r professionella v\u00e5rdgivare som letar efter ett tillf\u00f6rlitligt hj\u00e4lpmedel f\u00f6r medicinering.<\/p>\n<p class=\"\" data-start=\"2419\" data-end=\"2561\">V\u00e4lj ett smartare s\u00e4tt att h\u00e5lla koll p\u00e5 din medicinering &#8211; och njut av att k\u00e4nna sinnesfrid \u00f6ver att din, eller din n\u00e4rst\u00e5endes, h\u00e4lsa \u00e4r i s\u00e4kra h\u00e4nder.<\/p>\n","protected":false},"excerpt":{"rendered":"<p>V\u00e5r automatiska medicindispenser tar bort stressen fr\u00e5n den dagliga medicinhanteringen och s\u00e4kerst\u00e4ller r\u00e4tt dos vid r\u00e4tt tidpunkt, varje g\u00e5ng. Den \u00e4r perfekt f\u00f6r \u00e4ldre, personer med demenssjukdom eller personer som m\u00e5ste hantera komplexa recept, och eliminerar riskerna f\u00f6r missade eller felaktiga doser.<\/p>\n","protected":false},"author":5,"featured_media":943,"template":"","meta":{"_acf_changed":false},"product_brand":[],"product_cat":[84],"product_tag":[],"class_list":{"0":"post-944","1":"product","2":"type-product","3":"status-publish","4":"has-post-thumbnail","6":"product_cat-tillbehor-for-personlig-trygghet-och-valbefinnande","8":"first","9":"instock","10":"shipping-taxable","11":"purchasable","12":"product-type-simple"},"acf":[],"_links":{"self":[{"href":"https:\/\/www.careium.com\/se\/wp-json\/wp\/v2\/product\/944","targetHints":{"allow":["GET"]}}],"collection":[{"href":"https:\/\/www.careium.com\/se\/wp-json\/wp\/v2\/product"}],"about":[{"href":"https:\/\/www.careium.com\/se\/wp-json\/wp\/v2\/types\/product"}],"author":[{"embeddable":true,"href":"https:\/\/www.careium.com\/se\/wp-json\/wp\/v2\/users\/5"}],"wp:featuredmedia":[{"embeddable":true,"href":"https:\/\/www.careium.com\/se\/wp-json\/wp\/v2\/media\/943"}],"wp:attachment":[{"href":"https:\/\/www.careium.com\/se\/wp-json\/wp\/v2\/media?parent=944"}],"wp:term":[{"taxonomy":"product_brand","embeddable":true,"href":"https:\/\/www.careium.com\/se\/wp-json\/wp\/v2\/product_brand?post=944"},{"taxonomy":"product_cat","embeddable":true,"href":"https:\/\/www.careium.com\/se\/wp-json\/wp\/v2\/product_cat?post=944"},{"taxonomy":"product_tag","embeddable":true,"href":"https:\/\/www.careium.com\/se\/wp-json\/wp\/v2\/product_tag?post=944"}],"curies":[{"name":"wp","href":"https:\/\/api.w.org\/{rel}","templated":true}]}}